{"id":1123,"date":"2026-03-17T22:02:50","date_gmt":"2026-03-17T22:02:50","guid":{"rendered":"https:\/\/tomberlin.com.br\/?post_type=product&#038;p=1123"},"modified":"2026-03-17T22:07:12","modified_gmt":"2026-03-17T22:07:12","slug":"cadeira-agatha","status":"publish","type":"product","link":"https:\/\/tomberlin.com.br\/index.php\/produto\/cadeira-agatha\/","title":{"rendered":"Cadeira Agatha"},"content":{"rendered":"<p id=\"p-rc_38deb1452d91fada-472\" data-path-to-node=\"7\"><span data-path-to-node=\"7,0\"><b data-path-to-node=\"7,0\" data-index-in-node=\"0\">Eleg\u00e2ncia e M\u00e1xima Resist\u00eancia<\/b> <\/span><span data-path-to-node=\"7,2\"><span class=\"citation-1518\">A <\/span><b data-path-to-node=\"7,2\" data-index-in-node=\"2\"><span class=\"citation-1518\">Cadeira Agatha CAT<\/span><\/b> <\/span><span data-path-to-node=\"7,5\"><span class=\"citation-1517\">da Tomberlin <\/span><\/span><span data-path-to-node=\"7,8\"><span class=\"citation-1516\">foi desenvolvida para trazer um visual cl\u00e1ssico e de alto padr\u00e3o aos espa\u00e7os corporativos e de hospitalidade<\/span><\/span><span data-path-to-node=\"7,10\">. <\/span><span data-path-to-node=\"7,12\"><span class=\"citation-1515\">Ideal para sal\u00f5es de eventos e hot\u00e9is <\/span><\/span><span data-path-to-node=\"7,15\"><span class=\"citation-1514\">, ela entrega o equil\u00edbrio perfeito entre uma est\u00e9tica refinada e a robustez necess\u00e1ria para o uso intenso di\u00e1rio<\/span><\/span><span data-path-to-node=\"7,17\">.<\/span><\/p>\n<p data-path-to-node=\"7\"><span data-path-to-node=\"8,0\"><b data-path-to-node=\"8,0\" data-index-in-node=\"0\">Estrutura de Alta Performance<\/b> <\/span><span data-path-to-node=\"8,2\"><span class=\"citation-1513\">Fabricada como padr\u00e3o com estrutura refor\u00e7ada em a\u00e7o carbono <\/span><\/span><span data-path-to-node=\"8,5\"><span class=\"citation-1512\">, a Agatha recebe um exclusivo tratamento nanocer\u00e2mico <\/span><\/span><span data-path-to-node=\"8,8\"><span class=\"citation-1511\">e acabamento em pintura eletrost\u00e1tica a p\u00f3 <\/span><\/span><span data-path-to-node=\"8,11\"><span class=\"citation-1510\">, garantindo a m\u00e1xima prote\u00e7\u00e3o contra desgastes<\/span><\/span><span data-path-to-node=\"8,13\">. <\/span><span data-path-to-node=\"8,15\"><span class=\"citation-1509\">Para projetos que demandam pe\u00e7as mais leves, a estrutura pode ser encomendada em alum\u00ednio, o que reduz o peso total em m\u00e9dia 2 kg<\/span><\/span><span data-path-to-node=\"8,17\">. <\/span><span data-path-to-node=\"8,19\"><span class=\"citation-1508\">\u00c9 importante ressaltar que cadeiras em alum\u00ednio n\u00e3o aceitam o acess\u00f3rio Bra\u00e7o Universit\u00e1rio<\/span><\/span><span data-path-to-node=\"8,21\">.<\/span><\/p>\n<p id=\"p-rc_38deb1452d91fada-474\" data-path-to-node=\"9\"><span data-path-to-node=\"9,0\"><b data-path-to-node=\"9,0\" data-index-in-node=\"0\">Conforto Prolongado<\/b> <\/span><span data-path-to-node=\"9,2\"><span class=\"citation-1507\">Para garantir o conforto dos seus convidados do in\u00edcio ao fim do evento, tanto o assento quanto o encosto s\u00e3o desenvolvidos com espuma injetada e revestimento em tecido 100% poli\u00e9ster<\/span><\/span><span data-path-to-node=\"9,4\">.<\/span><\/p>\n<p data-path-to-node=\"10\"><b data-path-to-node=\"10\" data-index-in-node=\"0\">Armazenamento Inteligente e Diferenciais Tomberlin<\/b><\/p>\n<p id=\"p-rc_38deb1452d91fada-475\" data-path-to-node=\"11,0,1\"><span data-path-to-node=\"11,0,1,0\"><b data-path-to-node=\"11,0,1,0\" data-index-in-node=\"0\"><span class=\"citation-1506\">Empilhamento Seguro:<\/span><\/b><span class=\"citation-1506\"> Sistema estrutural inteligente projetado para garantir que as cadeiras sejam empilhadas com total seguran\u00e7a e praticidade na sua opera\u00e7\u00e3o<\/span><\/span><span data-path-to-node=\"11,0,1,2\">. <\/span><span data-path-to-node=\"11,0,1,4\"><span class=\"citation-1505\">Este modelo permite pilhas de at\u00e9 5 cadeiras<\/span><\/span><span data-path-to-node=\"11,0,1,6\">.<\/span><\/p>\n<p id=\"p-rc_38deb1452d91fada-476\" data-path-to-node=\"11,1,1\"><span data-path-to-node=\"11,1,1,0\"><b data-path-to-node=\"11,1,1,0\" data-index-in-node=\"0\"><span class=\"citation-1504\">Protetor Lateral:<\/span><\/b><span class=\"citation-1504\"> Todos os modelos de cadeiras contam com protetores em pl\u00e1stico injetado nas laterais, criados especificamente para evitar atritos e danos ao empilhamento<\/span><\/span><span data-path-to-node=\"11,1,1,2\">.<\/span><\/p>\n<p><span style=\"font-family: -apple-system, BlinkMacSystemFont, 'Segoe UI', Roboto, 'Helvetica Neue', Arial, 'Noto Sans', sans-serif, 'Apple Color Emoji', 'Segoe UI Emoji', 'Segoe UI Symbol', 'Noto Color Emoji';\" data-path-to-node=\"11,2,1,0\"><b data-path-to-node=\"11,2,1,0\" data-index-in-node=\"0\"><span class=\"citation-1503\">Sapatas em Policarbonato:<\/span><\/b><span class=\"citation-1503\"> O policarbonato \u00e9 mais resistente a atritos e impactos, garantindo uma vida \u00fatil prolongada ao m\u00f3vel e protegendo o piso do seu estabelecimento<\/span><\/span><span style=\"font-family: -apple-system, BlinkMacSystemFont, 'Segoe UI', Roboto, 'Helvetica Neue', Arial, 'Noto Sans', sans-serif, 'Apple Color Emoji', 'Segoe UI Emoji', 'Segoe UI Symbol', 'Noto Color Emoji';\" data-path-to-node=\"11,2,1,2\">.<\/span><\/p>\n","protected":false},"excerpt":{"rendered":"<p>Eleg\u00e2ncia e M\u00e1xima Resist\u00eancia A Cadeira Agatha CAT da Tomberlin foi desenvolvida para trazer um visual cl\u00e1ssico e de alto padr\u00e3o aos espa\u00e7os corporativos e de hospitalidade. Ideal para sal\u00f5es de eventos e hot\u00e9is , ela entrega o equil\u00edbrio perfeito entre uma est\u00e9tica refinada e a robustez necess\u00e1ria para o uso intenso di\u00e1rio. Estrutura de [&hellip;]<\/p>\n","protected":false},"featured_media":1125,"template":"","meta":{"_acf_changed":false},"dados-do-produto":[],"product_brand":[],"product_cat":[27],"product_tag":[],"class_list":{"0":"post-1123","1":"product","2":"type-product","3":"status-publish","4":"has-post-thumbnail","6":"product_cat-cadeiras","7":"pa_empilhamento-maximo-32","9":"first","10":"instock","11":"shipping-taxable","12":"purchasable","13":"product-type-simple"},"acf":[],"_links":{"self":[{"href":"https:\/\/tomberlin.com.br\/index.php\/wp-json\/wp\/v2\/product\/1123","targetHints":{"allow":["GET"]}}],"collection":[{"href":"https:\/\/tomberlin.com.br\/index.php\/wp-json\/wp\/v2\/product"}],"about":[{"href":"https:\/\/tomberlin.com.br\/index.php\/wp-json\/wp\/v2\/types\/product"}],"version-history":[{"count":1,"href":"https:\/\/tomberlin.com.br\/index.php\/wp-json\/wp\/v2\/product\/1123\/revisions"}],"predecessor-version":[{"id":1128,"href":"https:\/\/tomberlin.com.br\/index.php\/wp-json\/wp\/v2\/product\/1123\/revisions\/1128"}],"wp:featuredmedia":[{"embeddable":true,"href":"https:\/\/tomberlin.com.br\/index.php\/wp-json\/wp\/v2\/media\/1125"}],"wp:attachment":[{"href":"https:\/\/tomberlin.com.br\/index.php\/wp-json\/wp\/v2\/media?parent=1123"}],"wp:term":[{"taxonomy":"dados-do-produto","embeddable":true,"href":"https:\/\/tomberlin.com.br\/index.php\/wp-json\/wp\/v2\/dados-do-produto?post=1123"},{"taxonomy":"product_brand","embeddable":true,"href":"https:\/\/tomberlin.com.br\/index.php\/wp-json\/wp\/v2\/product_brand?post=1123"},{"taxonomy":"product_cat","embeddable":true,"href":"https:\/\/tomberlin.com.br\/index.php\/wp-json\/wp\/v2\/product_cat?post=1123"},{"taxonomy":"product_tag","embeddable":true,"href":"https:\/\/tomberlin.com.br\/index.php\/wp-json\/wp\/v2\/product_tag?post=1123"}],"curies":[{"name":"wp","href":"https:\/\/api.w.org\/{rel}","templated":true}]}}