{"id":1104,"date":"2026-03-17T21:38:12","date_gmt":"2026-03-17T21:38:12","guid":{"rendered":"https:\/\/tomberlin.com.br\/?post_type=product&#038;p=1104"},"modified":"2026-03-17T21:43:18","modified_gmt":"2026-03-17T21:43:18","slug":"cadeira-mimi","status":"publish","type":"product","link":"https:\/\/tomberlin.com.br\/index.php\/produto\/cadeira-mimi\/","title":{"rendered":"Cadeira Mimi"},"content":{"rendered":"<p id=\"p-rc_d0030a0790a35e34-373\" data-path-to-node=\"7\"><span data-path-to-node=\"7,0\"><b data-path-to-node=\"7,0\" data-index-in-node=\"0\">Design Diferenciado e Conforto para Grandes Eventos<\/b> <\/span><span data-path-to-node=\"7,2\"><span class=\"citation-1156\">A <\/span><b data-path-to-node=\"7,2\" data-index-in-node=\"2\"><span class=\"citation-1156\">Cadeira Mimi CM<\/span><\/b> <\/span><span data-path-to-node=\"7,5\"><span class=\"citation-1155\">apresenta uma estrutura com visual moderno e arrojado, ideal para sal\u00f5es de eventos, hot\u00e9is e audit\u00f3rios que buscam fugir do tradicional sem abrir m\u00e3o da durabilidade<\/span><\/span><span data-path-to-node=\"7,7\">. Ela \u00e9 a escolha perfeita para agregar est\u00e9tica e ergonomia ao seu espa\u00e7o.<\/span><\/p>\n<p id=\"p-rc_d0030a0790a35e34-374\" data-path-to-node=\"8\"><span data-path-to-node=\"8,0\"><b data-path-to-node=\"8,0\" data-index-in-node=\"0\">Estrutura de Alta Performance<\/b> <\/span><span data-path-to-node=\"8,2\"><span class=\"citation-1154\">Fabricada como padr\u00e3o com uma estrutura refor\u00e7ada em a\u00e7o carbono <\/span><\/span><span data-path-to-node=\"8,5\"><span class=\"citation-1153\">, a cadeira Mimi CM <\/span><\/span><span data-path-to-node=\"8,8\"><span class=\"citation-1152\">recebe o exclusivo tratamento nanocer\u00e2mico <\/span><\/span><span data-path-to-node=\"8,11\"><span class=\"citation-1151\">e acabamento em pintura eletrost\u00e1tica a p\u00f3<\/span><\/span><span data-path-to-node=\"8,13\">. Isso garante prote\u00e7\u00e3o m\u00e1xima contra o desgaste do uso cont\u00ednuo. <\/span><span data-path-to-node=\"8,15\"><span class=\"citation-1150\">Caso a opera\u00e7\u00e3o exija pe\u00e7as mais leves, a estrutura pode ser fabricada em alum\u00ednio, reduzindo o peso em cerca de 2 kg <\/span><\/span><span data-path-to-node=\"8,18\"><span class=\"citation-1149\">(nota: cadeiras em alum\u00ednio n\u00e3o aceitam o acess\u00f3rio Bra\u00e7o Universit\u00e1rio <\/span><\/span><span data-path-to-node=\"8,20\">).<\/span><\/p>\n<p id=\"p-rc_d0030a0790a35e34-375\" data-path-to-node=\"9\"><span data-path-to-node=\"9,0\"><b data-path-to-node=\"9,0\" data-index-in-node=\"0\">Ergonomia e Conforto Prolongado<\/b> <\/span><span data-path-to-node=\"9,2\"><span class=\"citation-1148\">Para garantir que os convidados tenham a melhor experi\u00eancia, tanto o assento quanto o encosto s\u00e3o desenvolvidos com espuma injetada e revestimento em tecido 100% poli\u00e9ster<\/span><\/span><span data-path-to-node=\"9,4\">.<\/span><\/p>\n<p data-path-to-node=\"10\"><b data-path-to-node=\"10\" data-index-in-node=\"0\">Armazenamento Inteligente e Diferenciais Tomberlin<\/b><\/p>\n<p id=\"p-rc_d0030a0790a35e34-376\" data-path-to-node=\"11,0,1\"><span data-path-to-node=\"11,0,1,0\"><b data-path-to-node=\"11,0,1,0\" data-index-in-node=\"0\"><span class=\"citation-1147\">Empilhamento Seguro:<\/span><\/b><span class=\"citation-1147\"> O sistema estrutural inteligente permite o empilhamento pr\u00e1tico e seguro de at\u00e9 5 cadeiras<\/span><\/span><span data-path-to-node=\"11,0,1,2\">.<\/span><\/p>\n<p id=\"p-rc_d0030a0790a35e34-377\" data-path-to-node=\"11,1,1\"><span data-path-to-node=\"11,1,1,0\"><b data-path-to-node=\"11,1,1,0\" data-index-in-node=\"0\"><span class=\"citation-1146\">Protetor Lateral:<\/span><\/b><span class=\"citation-1146\"> Todos os modelos de cadeiras possuem protetores em pl\u00e1stico injetado nas laterais, desenhados para evitar danos e arranh\u00f5es no chassi durante o empilhamento<\/span><\/span><span data-path-to-node=\"11,1,1,2\">.<\/span><\/p>\n<p><span style=\"font-family: -apple-system, BlinkMacSystemFont, 'Segoe UI', Roboto, 'Helvetica Neue', Arial, 'Noto Sans', sans-serif, 'Apple Color Emoji', 'Segoe UI Emoji', 'Segoe UI Symbol', 'Noto Color Emoji';\" data-path-to-node=\"11,2,1,0\"><b data-path-to-node=\"11,2,1,0\" data-index-in-node=\"0\"><span class=\"citation-1145\">Sapatas em Policarbonato:<\/span><\/b><span class=\"citation-1145\"> O policarbonato \u00e9 mais resistente a atritos e impactos, protegendo o piso e garantindo maior durabilidade \u00e0 pe\u00e7a<\/span><\/span><span style=\"font-family: -apple-system, BlinkMacSystemFont, 'Segoe UI', Roboto, 'Helvetica Neue', Arial, 'Noto Sans', sans-serif, 'Apple Color Emoji', 'Segoe UI Emoji', 'Segoe UI Symbol', 'Noto Color Emoji';\" data-path-to-node=\"11,2,1,2\">.<\/span><\/p>\n","protected":false},"excerpt":{"rendered":"<p>Design Diferenciado e Conforto para Grandes Eventos A Cadeira Mimi CM apresenta uma estrutura com visual moderno e arrojado, ideal para sal\u00f5es de eventos, hot\u00e9is e audit\u00f3rios que buscam fugir do tradicional sem abrir m\u00e3o da durabilidade. Ela \u00e9 a escolha perfeita para agregar est\u00e9tica e ergonomia ao seu espa\u00e7o. Estrutura de Alta Performance Fabricada [&hellip;]<\/p>\n","protected":false},"featured_media":1105,"template":"","meta":{"_acf_changed":false},"dados-do-produto":[],"product_brand":[],"product_cat":[27],"product_tag":[],"class_list":{"0":"post-1104","1":"product","2":"type-product","3":"status-publish","4":"has-post-thumbnail","6":"product_cat-cadeiras","7":"pa_empilhamento-maximo-32","9":"first","10":"instock","11":"shipping-taxable","12":"purchasable","13":"product-type-simple"},"acf":[],"_links":{"self":[{"href":"https:\/\/tomberlin.com.br\/index.php\/wp-json\/wp\/v2\/product\/1104","targetHints":{"allow":["GET"]}}],"collection":[{"href":"https:\/\/tomberlin.com.br\/index.php\/wp-json\/wp\/v2\/product"}],"about":[{"href":"https:\/\/tomberlin.com.br\/index.php\/wp-json\/wp\/v2\/types\/product"}],"version-history":[{"count":1,"href":"https:\/\/tomberlin.com.br\/index.php\/wp-json\/wp\/v2\/product\/1104\/revisions"}],"predecessor-version":[{"id":1109,"href":"https:\/\/tomberlin.com.br\/index.php\/wp-json\/wp\/v2\/product\/1104\/revisions\/1109"}],"wp:featuredmedia":[{"embeddable":true,"href":"https:\/\/tomberlin.com.br\/index.php\/wp-json\/wp\/v2\/media\/1105"}],"wp:attachment":[{"href":"https:\/\/tomberlin.com.br\/index.php\/wp-json\/wp\/v2\/media?parent=1104"}],"wp:term":[{"taxonomy":"dados-do-produto","embeddable":true,"href":"https:\/\/tomberlin.com.br\/index.php\/wp-json\/wp\/v2\/dados-do-produto?post=1104"},{"taxonomy":"product_brand","embeddable":true,"href":"https:\/\/tomberlin.com.br\/index.php\/wp-json\/wp\/v2\/product_brand?post=1104"},{"taxonomy":"product_cat","embeddable":true,"href":"https:\/\/tomberlin.com.br\/index.php\/wp-json\/wp\/v2\/product_cat?post=1104"},{"taxonomy":"product_tag","embeddable":true,"href":"https:\/\/tomberlin.com.br\/index.php\/wp-json\/wp\/v2\/product_tag?post=1104"}],"curies":[{"name":"wp","href":"https:\/\/api.w.org\/{rel}","templated":true}]}}