{"id":1077,"date":"2026-03-17T21:14:38","date_gmt":"2026-03-17T21:14:38","guid":{"rendered":"https:\/\/tomberlin.com.br\/?post_type=product&#038;p=1077"},"modified":"2026-03-17T21:20:02","modified_gmt":"2026-03-17T21:20:02","slug":"cadeira-arco-confort","status":"publish","type":"product","link":"https:\/\/tomberlin.com.br\/index.php\/produto\/cadeira-arco-confort\/","title":{"rendered":"Cadeira Arco Confort"},"content":{"rendered":"<p id=\"p-rc_409e2ed1bc43d290-202\" data-path-to-node=\"7\"><span data-path-to-node=\"7,0\"><b data-path-to-node=\"7,0\" data-index-in-node=\"0\">O N\u00edvel M\u00e1ximo de Conforto para o seu Evento<\/b> <\/span><span data-path-to-node=\"7,2\"><span class=\"citation-796\">A linha <\/span><b data-path-to-node=\"7,2\" data-index-in-node=\"8\"><span class=\"citation-796\">Arco Confort<\/span><\/b><span class=\"citation-796\"> (modelos <\/span><b data-path-to-node=\"7,2\" data-index-in-node=\"30\"><span class=\"citation-796\">CAP-SC<\/span><\/b><span class=\"citation-796\"> e <\/span><b data-path-to-node=\"7,2\" data-index-in-node=\"39\"><span class=\"citation-796\">CAP-C<\/span><\/b><span class=\"citation-796\">) foi desenvolvida pela Tomberlin para espa\u00e7os que n\u00e3o abrem m\u00e3o do bem-estar extremo de seus convidados<\/span><\/span><span data-path-to-node=\"7,4\">. <\/span><span data-path-to-node=\"7,6\"><span class=\"citation-795\">Dispon\u00edvel em duas op\u00e7\u00f5es de medidas, esta linha \u00e9 o investimento ideal para audit\u00f3rios, conven\u00e7\u00f5es longas e hotelaria de alto padr\u00e3o<\/span><\/span><span data-path-to-node=\"7,8\">.<\/span><\/p>\n<p data-path-to-node=\"7\"><span data-path-to-node=\"8,0\"><b data-path-to-node=\"8,0\" data-index-in-node=\"0\">Diferencial Ergon\u00f4mico: Espuma de Alta Densidade<\/b> O grande destaque dos modelos Arco Confort est\u00e1 na sua estofaria premium. <\/span><span data-path-to-node=\"8,2\"><span class=\"citation-794\">O encosto \u00e9 fabricado com espuma laminada D28, enquanto o assento conta com a super-resistente espuma laminada D45, garantindo uma experi\u00eancia de uso extremamente confort\u00e1vel mesmo ap\u00f3s horas de evento<\/span><\/span><span data-path-to-node=\"8,4\">.<\/span><\/p>\n<p data-path-to-node=\"7\"><span data-path-to-node=\"9,0\"><b data-path-to-node=\"9,0\" data-index-in-node=\"0\">Estrutura de Alta Performance<\/b> <\/span><span data-path-to-node=\"9,2\"><span class=\"citation-793\">Fabricada com estrutura refor\u00e7ada em a\u00e7o carbono, a cadeira recebe o exclusivo tratamento nanocer\u00e2mico e acabamento em pintura eletrost\u00e1tica a p\u00f3<\/span><\/span><span data-path-to-node=\"9,4\">. Esses processos garantem prote\u00e7\u00e3o superior contra o desgaste cont\u00ednuo. <\/span><span data-path-to-node=\"9,6\"><span class=\"citation-792\">Caso o seu projeto exija maior leveza, a estrutura pode ser encomendada em alum\u00ednio, reduzindo o peso total da pe\u00e7a em cerca de 2 kg<\/span><\/span><span data-path-to-node=\"9,8\">.<\/span><\/p>\n<p data-path-to-node=\"10\"><b data-path-to-node=\"10\" data-index-in-node=\"0\">Armazenamento Inteligente e Diferenciais Tomberlin<\/b><\/p>\n<p id=\"p-rc_5fa30194b6a8862a-240\" data-path-to-node=\"11,0,1\"><span data-path-to-node=\"11,0,1,0\"><b data-path-to-node=\"11,0,1,0\" data-index-in-node=\"0\"><span class=\"citation-791\">Empilhamento Seguro:<\/span><\/b><span class=\"citation-791\"> Sistema estrutural inteligente que permite empilhar at\u00e9 10 unidades com total estabilidade e seguran\u00e7a<\/span><\/span><span data-path-to-node=\"11,0,1,2\">.<\/span><\/p>\n<p id=\"p-rc_5fa30194b6a8862a-241\" data-path-to-node=\"11,1,1\"><span data-path-to-node=\"11,1,1,0\"><b data-path-to-node=\"11,1,1,0\" data-index-in-node=\"0\"><span class=\"citation-790\">Protetor Lateral:<\/span><\/b><span class=\"citation-790\"> Protetores em pl\u00e1stico injetado nas laterais, desenhados para evitar arranh\u00f5es e danos ao chassi durante o empilhamento<\/span><\/span><span data-path-to-node=\"11,1,1,2\">.<\/span><\/p>\n<p id=\"p-rc_5fa30194b6a8862a-242\" data-path-to-node=\"11,2,1\"><span data-path-to-node=\"11,2,1,0\"><b data-path-to-node=\"11,2,1,0\" data-index-in-node=\"0\"><span class=\"citation-789\">Sapatas em Policarbonato:<\/span><\/b><span class=\"citation-789\"> Material altamente resistente a impactos e atritos di\u00e1rios, protegendo o piso do seu sal\u00e3o e aumentando a vida \u00fatil do m\u00f3vel<\/span><\/span><span data-path-to-node=\"11,2,1,2\">.<\/span><\/p>\n<p data-path-to-node=\"11,2,1\"><b data-path-to-node=\"13,2,1,0\" data-index-in-node=\"0\"><span class=\"citation-786\">Varia\u00e7\u00f5es:<\/span><\/b><span class=\"citation-786\"> 2 op\u00e7\u00f5es de medidas dispon\u00edveis<\/span><\/p>\n","protected":false},"excerpt":{"rendered":"<p>O N\u00edvel M\u00e1ximo de Conforto para o seu Evento A linha Arco Confort (modelos CAP-SC e CAP-C) foi desenvolvida pela Tomberlin para espa\u00e7os que n\u00e3o abrem m\u00e3o do bem-estar extremo de seus convidados. Dispon\u00edvel em duas op\u00e7\u00f5es de medidas, esta linha \u00e9 o investimento ideal para audit\u00f3rios, conven\u00e7\u00f5es longas e hotelaria de alto padr\u00e3o. Diferencial [&hellip;]<\/p>\n","protected":false},"featured_media":1078,"template":"","meta":{"_acf_changed":false},"dados-do-produto":[],"product_brand":[],"product_cat":[27],"product_tag":[],"class_list":{"0":"post-1077","1":"product","2":"type-product","3":"status-publish","4":"has-post-thumbnail","6":"product_cat-cadeiras","7":"pa_empilhamento-maximo-32","9":"first","10":"instock","11":"shipping-taxable","12":"purchasable","13":"product-type-simple"},"acf":[],"_links":{"self":[{"href":"https:\/\/tomberlin.com.br\/index.php\/wp-json\/wp\/v2\/product\/1077","targetHints":{"allow":["GET"]}}],"collection":[{"href":"https:\/\/tomberlin.com.br\/index.php\/wp-json\/wp\/v2\/product"}],"about":[{"href":"https:\/\/tomberlin.com.br\/index.php\/wp-json\/wp\/v2\/types\/product"}],"version-history":[{"count":1,"href":"https:\/\/tomberlin.com.br\/index.php\/wp-json\/wp\/v2\/product\/1077\/revisions"}],"predecessor-version":[{"id":1081,"href":"https:\/\/tomberlin.com.br\/index.php\/wp-json\/wp\/v2\/product\/1077\/revisions\/1081"}],"wp:featuredmedia":[{"embeddable":true,"href":"https:\/\/tomberlin.com.br\/index.php\/wp-json\/wp\/v2\/media\/1078"}],"wp:attachment":[{"href":"https:\/\/tomberlin.com.br\/index.php\/wp-json\/wp\/v2\/media?parent=1077"}],"wp:term":[{"taxonomy":"dados-do-produto","embeddable":true,"href":"https:\/\/tomberlin.com.br\/index.php\/wp-json\/wp\/v2\/dados-do-produto?post=1077"},{"taxonomy":"product_brand","embeddable":true,"href":"https:\/\/tomberlin.com.br\/index.php\/wp-json\/wp\/v2\/product_brand?post=1077"},{"taxonomy":"product_cat","embeddable":true,"href":"https:\/\/tomberlin.com.br\/index.php\/wp-json\/wp\/v2\/product_cat?post=1077"},{"taxonomy":"product_tag","embeddable":true,"href":"https:\/\/tomberlin.com.br\/index.php\/wp-json\/wp\/v2\/product_tag?post=1077"}],"curies":[{"name":"wp","href":"https:\/\/api.w.org\/{rel}","templated":true}]}}