{"id":1071,"date":"2026-03-17T21:11:35","date_gmt":"2026-03-17T21:11:35","guid":{"rendered":"https:\/\/tomberlin.com.br\/?post_type=product&#038;p=1071"},"modified":"2026-04-22T23:51:13","modified_gmt":"2026-04-22T23:51:13","slug":"cadeira-safira","status":"publish","type":"product","link":"https:\/\/tomberlin.com.br\/produto\/cadeira-safira\/","title":{"rendered":"Cadeira Safira"},"content":{"rendered":"<p id=\"p-rc_409e2ed1bc43d290-202\" data-path-to-node=\"7\"><span data-path-to-node=\"7,0\"><b data-path-to-node=\"7,0\" data-index-in-node=\"0\">Sofistica\u00e7\u00e3o e Robustez para Grandes Eventos<\/b> <\/span><span data-path-to-node=\"7,2\"><span class=\"citation-706\">A <\/span><b data-path-to-node=\"7,2\" data-index-in-node=\"2\"><span class=\"citation-706\">Cadeira Safira CF<\/span><\/b> <\/span><span data-path-to-node=\"7,5\"><span class=\"citation-705\">da Tomberlin <\/span><\/span><span data-path-to-node=\"7,8\"><span class=\"citation-704\">foi projetada para atender \u00e0s altas exig\u00eancias do mercado de hot\u00e9is e eventos<\/span><\/span><span data-path-to-node=\"7,10\">. <\/span><span data-path-to-node=\"7,12\"><span class=\"citation-703\">Com um design elegante, ela garante n\u00e3o apenas o conforto visual e f\u00edsico dos convidados, mas tamb\u00e9m um excelente retorno sobre o investimento devido \u00e0 sua durabilidade superior ao tempo<\/span><\/span><span data-path-to-node=\"7,14\">.<\/span><\/p>\n<p id=\"p-rc_409e2ed1bc43d290-203\" data-path-to-node=\"8\"><span data-path-to-node=\"8,0\"><b data-path-to-node=\"8,0\" data-index-in-node=\"0\">Estrutura de Alta Performance<\/b> <\/span><span data-path-to-node=\"8,2\"><span class=\"citation-702\">Fabricada com estrutura refor\u00e7ada em a\u00e7o carbono <\/span><\/span><span data-path-to-node=\"8,5\"><span class=\"citation-701\">, a cadeira recebe um exclusivo tratamento nanocer\u00e2mico <\/span><\/span><span data-path-to-node=\"8,8\"><span class=\"citation-700\">e acabamento em pintura eletrost\u00e1tica a p\u00f3<\/span><\/span><span data-path-to-node=\"8,10\">. <\/span><span data-path-to-node=\"8,12\"><span class=\"citation-699\">Esses processos garantem m\u00e1xima prote\u00e7\u00e3o contra o desgaste di\u00e1rio<\/span><\/span><span data-path-to-node=\"8,14\">. <\/span><span data-path-to-node=\"8,16\"><span class=\"citation-698\">Para projetos que exigem maior leveza no manuseio, a estrutura padr\u00e3o em a\u00e7o carbono pode ser substitu\u00edda por alum\u00ednio <\/span><\/span><span data-path-to-node=\"8,19\"><span class=\"citation-697\">, o que reduz o peso da pe\u00e7a em m\u00e9dia 2 kg<\/span><\/span><span data-path-to-node=\"8,21\">.<\/span><\/p>\n<p id=\"p-rc_409e2ed1bc43d290-204\" data-path-to-node=\"9\"><span data-path-to-node=\"9,0\"><b data-path-to-node=\"9,0\" data-index-in-node=\"0\">Conforto Prolongado<\/b> <\/span><span data-path-to-node=\"9,2\"><span class=\"citation-696\">Pensando no bem-estar durante palestras, casamentos e conven\u00e7\u00f5es, o assento e o encosto s\u00e3o desenvolvidos com espuma injetada <\/span><\/span><span data-path-to-node=\"9,5\"><span class=\"citation-695\">e revestidos em tecido 100% poli\u00e9ster<\/span><\/span><span data-path-to-node=\"9,7\">.<\/span><\/p>\n<p data-path-to-node=\"10\"><b data-path-to-node=\"10\" data-index-in-node=\"0\">Armazenamento Inteligente e Diferenciais Tomberlin<\/b><\/p>\n<p data-path-to-node=\"10\"><span data-path-to-node=\"11,0,1,0\"><b data-path-to-node=\"11,0,1,0\" data-index-in-node=\"0\"><span class=\"citation-694\">Empilhamento Seguro:<\/span><\/b><span class=\"citation-694\"> Sistema inteligente que garante um grande n\u00famero de cadeiras empilhadas com seguran\u00e7a e praticidade <\/span><\/span><span data-path-to-node=\"11,0,1,3\"><span class=\"citation-693\">, permitindo pilhas de at\u00e9 10 unidades para este modelo<\/span><\/span><span data-path-to-node=\"11,0,1,5\">.<\/span><\/p>\n<p id=\"p-rc_409e2ed1bc43d290-205\" data-path-to-node=\"11,0,1\"><span data-path-to-node=\"11,1,1,0\"><b data-path-to-node=\"11,1,1,0\" data-index-in-node=\"0\"><span class=\"citation-692\">Protetor Lateral:<\/span><\/b><span class=\"citation-692\"> Todos os modelos possuem protetores em pl\u00e1stico injetado nas laterais <\/span><\/span><span data-path-to-node=\"11,1,1,3\"><span class=\"citation-691\">, desenhados especificamente para evitar danos no empilhamento<\/span><\/span><span data-path-to-node=\"11,1,1,5\">.<\/span><\/p>\n<p id=\"p-rc_409e2ed1bc43d290-207\" data-path-to-node=\"11,2,1\"><span data-path-to-node=\"11,2,1,0\"><b data-path-to-node=\"11,2,1,0\" data-index-in-node=\"0\"><span class=\"citation-690 interactive-span-hovered\">Sapatas em Policarbonato:<\/span><\/b><span class=\"citation-690 interactive-span-hovered\"> O policarbonato \u00e9 mais resistente a atritos e impactos <\/span><\/span><span data-path-to-node=\"11,2,1,3\"><span class=\"citation-689 interactive-span-hovered\">, garantindo mais durabilidade \u00e0 pe\u00e7a<\/span><\/span><span data-path-to-node=\"11,2,1,5\">.<\/span><\/p>\n","protected":false},"excerpt":{"rendered":"<p>Sofistica\u00e7\u00e3o e Robustez para Grandes Eventos A Cadeira Safira CF da Tomberlin foi projetada para atender \u00e0s altas exig\u00eancias do mercado de hot\u00e9is e eventos. Com um design elegante, ela garante n\u00e3o apenas o conforto visual e f\u00edsico dos convidados, mas tamb\u00e9m um excelente retorno sobre o investimento devido \u00e0 sua durabilidade superior ao tempo. [&hellip;]<\/p>\n","protected":false},"featured_media":1072,"template":"","meta":{"_acf_changed":false},"dados-do-produto":[],"product_brand":[],"product_cat":[27],"product_tag":[40],"class_list":{"0":"post-1071","1":"product","2":"type-product","3":"status-publish","4":"has-post-thumbnail","6":"product_cat-cadeiras","7":"product_tag-cadeira","8":"pa_empilhamento-maximo-32","10":"first","11":"instock","12":"shipping-taxable","13":"purchasable","14":"product-type-simple"},"acf":[],"_links":{"self":[{"href":"https:\/\/tomberlin.com.br\/wp-json\/wp\/v2\/product\/1071","targetHints":{"allow":["GET"]}}],"collection":[{"href":"https:\/\/tomberlin.com.br\/wp-json\/wp\/v2\/product"}],"about":[{"href":"https:\/\/tomberlin.com.br\/wp-json\/wp\/v2\/types\/product"}],"version-history":[{"count":1,"href":"https:\/\/tomberlin.com.br\/wp-json\/wp\/v2\/product\/1071\/revisions"}],"predecessor-version":[{"id":1076,"href":"https:\/\/tomberlin.com.br\/wp-json\/wp\/v2\/product\/1071\/revisions\/1076"}],"wp:featuredmedia":[{"embeddable":true,"href":"https:\/\/tomberlin.com.br\/wp-json\/wp\/v2\/media\/1072"}],"wp:attachment":[{"href":"https:\/\/tomberlin.com.br\/wp-json\/wp\/v2\/media?parent=1071"}],"wp:term":[{"taxonomy":"dados-do-produto","embeddable":true,"href":"https:\/\/tomberlin.com.br\/wp-json\/wp\/v2\/dados-do-produto?post=1071"},{"taxonomy":"product_brand","embeddable":true,"href":"https:\/\/tomberlin.com.br\/wp-json\/wp\/v2\/product_brand?post=1071"},{"taxonomy":"product_cat","embeddable":true,"href":"https:\/\/tomberlin.com.br\/wp-json\/wp\/v2\/product_cat?post=1071"},{"taxonomy":"product_tag","embeddable":true,"href":"https:\/\/tomberlin.com.br\/wp-json\/wp\/v2\/product_tag?post=1071"}],"curies":[{"name":"wp","href":"https:\/\/api.w.org\/{rel}","templated":true}]}}