{"id":1060,"date":"2026-03-17T21:01:29","date_gmt":"2026-03-17T21:01:29","guid":{"rendered":"https:\/\/tomberlin.com.br\/?post_type=product&#038;p=1060"},"modified":"2026-04-22T23:51:13","modified_gmt":"2026-04-22T23:51:13","slug":"cadeira-ruby","status":"publish","type":"product","link":"https:\/\/tomberlin.com.br\/produto\/cadeira-ruby\/","title":{"rendered":"Cadeira Ruby"},"content":{"rendered":"<p id=\"p-rc_57e8ec553ef5040e-135\" data-path-to-node=\"7\"><span data-path-to-node=\"7,0\"><b data-path-to-node=\"7,0\" data-index-in-node=\"0\">Eleg\u00e2ncia e Robustez para Grandes Eventos<\/b> <\/span><span data-path-to-node=\"7,2\"><span class=\"citation-500\">A <\/span><b data-path-to-node=\"7,2\" data-index-in-node=\"2\"><span class=\"citation-500\">Cadeira Ruby CR<\/span><\/b><span class=\"citation-500\"> da Tomberlin foi projetada para atender \u00e0s altas exig\u00eancias do mercado de hot\u00e9is e eventos<\/span><\/span><span data-path-to-node=\"7,4\">. <\/span><span data-path-to-node=\"7,6\"><span class=\"citation-499\">Com um encosto de design sofisticado, ela garante n\u00e3o apenas o conforto visual e f\u00edsico dos convidados, mas tamb\u00e9m um excelente retorno sobre o investimento devido \u00e0 sua durabilidade superior<\/span><\/span><span data-path-to-node=\"7,8\">.<\/span><\/p>\n<p id=\"p-rc_57e8ec553ef5040e-136\" data-path-to-node=\"8\"><span data-path-to-node=\"8,0\"><b data-path-to-node=\"8,0\" data-index-in-node=\"0\">Estrutura de Alta Performance<\/b> <\/span><span data-path-to-node=\"8,2\"><span class=\"citation-498\">Fabricada com estrutura refor\u00e7ada em a\u00e7o carbono, a cadeira recebe um exclusivo tratamento nanocer\u00e2mico e acabamento em pintura eletrost\u00e1tica a p\u00f3<\/span><\/span><span data-path-to-node=\"8,4\">. <\/span><span data-path-to-node=\"8,6\"><span class=\"citation-497\">Esses processos garantem m\u00e1xima prote\u00e7\u00e3o contra o desgaste di\u00e1rio<\/span><\/span><span data-path-to-node=\"8,8\">. <\/span><span data-path-to-node=\"8,10\"><span class=\"citation-496\">Para projetos que exigem maior leveza no manuseio, a estrutura pode ser substitu\u00edda por alum\u00ednio, o que reduz o peso da pe\u00e7a em cerca de 2 kg<\/span><\/span><span data-path-to-node=\"8,12\">.<\/span><\/p>\n<p data-path-to-node=\"8\"><span data-path-to-node=\"9,0\"><b data-path-to-node=\"9,0\" data-index-in-node=\"0\">Conforto Prolongado<\/b> <\/span><span data-path-to-node=\"9,2\"><span class=\"citation-495\">Pensando no bem-estar durante palestras, casamentos e conven\u00e7\u00f5es, o assento e o encosto s\u00e3o desenvolvidos com espuma injetada e revestidos em tecido 100% poli\u00e9ster<\/span><\/span><span data-path-to-node=\"9,4\">.<\/span><\/p>\n<p data-path-to-node=\"10\"><b data-path-to-node=\"10\" data-index-in-node=\"0\">Armazenamento Inteligente e Diferenciais Tomberlin<\/b><\/p>\n<p data-path-to-node=\"10\"><span data-path-to-node=\"11,0,1,0\"><b data-path-to-node=\"11,0,1,0\" data-index-in-node=\"0\"><span class=\"citation-494\">Empilhamento Seguro:<\/span><\/b><span class=\"citation-494\"> Sistema estrutural inteligente que garante um grande n\u00famero de cadeiras empilhadas com seguran\u00e7a e praticidade<\/span><\/span><span data-path-to-node=\"11,0,1,2\">.<\/span><\/p>\n<p id=\"p-rc_57e8ec553ef5040e-138\" data-path-to-node=\"11,0,1\"><span data-path-to-node=\"11,1,1,0\"><b data-path-to-node=\"11,1,1,0\" data-index-in-node=\"0\"><span class=\"citation-493\">Protetor Lateral:<\/span><\/b><span class=\"citation-493\"> Todos os modelos possuem protetores em pl\u00e1stico injetado nas laterais, desenhados especificamente para evitar danos ao chassi durante o empilhamento<\/span><\/span><span data-path-to-node=\"11,1,1,2\">.<\/span><\/p>\n<p><span style=\"font-family: -apple-system, BlinkMacSystemFont, 'Segoe UI', Roboto, 'Helvetica Neue', Arial, 'Noto Sans', sans-serif, 'Apple Color Emoji', 'Segoe UI Emoji', 'Segoe UI Symbol', 'Noto Color Emoji';\" data-path-to-node=\"11,2,1,0\"><b data-path-to-node=\"11,2,1,0\" data-index-in-node=\"0\"><span class=\"citation-492\">Sapatas em Policarbonato:<\/span><\/b><span class=\"citation-492\"> O policarbonato \u00e9 mais resistente a atritos e impactos, garantindo mais durabilidade \u00e0 pe\u00e7a e protegendo o piso do seu espa\u00e7o<\/span><\/span><span style=\"font-family: -apple-system, BlinkMacSystemFont, 'Segoe UI', Roboto, 'Helvetica Neue', Arial, 'Noto Sans', sans-serif, 'Apple Color Emoji', 'Segoe UI Emoji', 'Segoe UI Symbol', 'Noto Color Emoji';\" data-path-to-node=\"11,2,1,2\">.<\/span><\/p>\n","protected":false},"excerpt":{"rendered":"<p>Eleg\u00e2ncia e Robustez para Grandes Eventos A Cadeira Ruby CR da Tomberlin foi projetada para atender \u00e0s altas exig\u00eancias do mercado de hot\u00e9is e eventos. Com um encosto de design sofisticado, ela garante n\u00e3o apenas o conforto visual e f\u00edsico dos convidados, mas tamb\u00e9m um excelente retorno sobre o investimento devido \u00e0 sua durabilidade superior. [&hellip;]<\/p>\n","protected":false},"featured_media":1062,"template":"","meta":{"_acf_changed":false},"dados-do-produto":[],"product_brand":[],"product_cat":[27],"product_tag":[40],"class_list":{"0":"post-1060","1":"product","2":"type-product","3":"status-publish","4":"has-post-thumbnail","6":"product_cat-cadeiras","7":"product_tag-cadeira","8":"pa_empilhamento-maximo-32","10":"first","11":"instock","12":"shipping-taxable","13":"purchasable","14":"product-type-simple"},"acf":[],"_links":{"self":[{"href":"https:\/\/tomberlin.com.br\/wp-json\/wp\/v2\/product\/1060","targetHints":{"allow":["GET"]}}],"collection":[{"href":"https:\/\/tomberlin.com.br\/wp-json\/wp\/v2\/product"}],"about":[{"href":"https:\/\/tomberlin.com.br\/wp-json\/wp\/v2\/types\/product"}],"version-history":[{"count":1,"href":"https:\/\/tomberlin.com.br\/wp-json\/wp\/v2\/product\/1060\/revisions"}],"predecessor-version":[{"id":1065,"href":"https:\/\/tomberlin.com.br\/wp-json\/wp\/v2\/product\/1060\/revisions\/1065"}],"wp:featuredmedia":[{"embeddable":true,"href":"https:\/\/tomberlin.com.br\/wp-json\/wp\/v2\/media\/1062"}],"wp:attachment":[{"href":"https:\/\/tomberlin.com.br\/wp-json\/wp\/v2\/media?parent=1060"}],"wp:term":[{"taxonomy":"dados-do-produto","embeddable":true,"href":"https:\/\/tomberlin.com.br\/wp-json\/wp\/v2\/dados-do-produto?post=1060"},{"taxonomy":"product_brand","embeddable":true,"href":"https:\/\/tomberlin.com.br\/wp-json\/wp\/v2\/product_brand?post=1060"},{"taxonomy":"product_cat","embeddable":true,"href":"https:\/\/tomberlin.com.br\/wp-json\/wp\/v2\/product_cat?post=1060"},{"taxonomy":"product_tag","embeddable":true,"href":"https:\/\/tomberlin.com.br\/wp-json\/wp\/v2\/product_tag?post=1060"}],"curies":[{"name":"wp","href":"https:\/\/api.w.org\/{rel}","templated":true}]}}