{"id":1053,"date":"2026-03-17T20:54:19","date_gmt":"2026-03-17T20:54:19","guid":{"rendered":"https:\/\/tomberlin.com.br\/?post_type=product&#038;p=1053"},"modified":"2026-04-22T23:51:13","modified_gmt":"2026-04-22T23:51:13","slug":"cadeira-quadrada-cqp-aco-carbono-tomberlin","status":"publish","type":"product","link":"https:\/\/tomberlin.com.br\/produto\/cadeira-quadrada-cqp-aco-carbono-tomberlin\/","title":{"rendered":"Cadeira Quadrada"},"content":{"rendered":"<p id=\"p-rc_833ee7a3378c514c-100\" data-path-to-node=\"7\"><span data-path-to-node=\"7,0\"><b data-path-to-node=\"7,0\" data-index-in-node=\"0\">Design Geom\u00e9trico e Alta Resist\u00eancia<\/b> <\/span><span data-path-to-node=\"7,2\"><span class=\"citation-414\">A <\/span><b data-path-to-node=\"7,2\" data-index-in-node=\"2\"><span class=\"citation-414\">Cadeira Quadrada CQP<\/span><\/b> <\/span><span data-path-to-node=\"7,4\"> traz um encosto com linhas mais retas e modernas, sem abrir m\u00e3o da robustez que \u00e9 marca registrada da Tomberlin. <\/span><span data-path-to-node=\"7,6\"><span class=\"citation-413\">Projetada para o uso intenso em hot\u00e9is e sal\u00f5es de eventos<\/span><\/span><span data-path-to-node=\"7,8\">, ela \u00e9 o investimento certo para quem busca durabilidade e um visual elegante.<\/span><\/p>\n<p id=\"p-rc_833ee7a3378c514c-101\" data-path-to-node=\"8\"><span data-path-to-node=\"8,0\"><b data-path-to-node=\"8,0\" data-index-in-node=\"0\">Estrutura de Alta Performance<\/b> <\/span><span data-path-to-node=\"8,2\"><span class=\"citation-412\">Fabricada como padr\u00e3o em a\u00e7o carbono <\/span><\/span><span data-path-to-node=\"8,5\"><span class=\"citation-411\">, a estrutura da cadeira recebe um exclusivo tratamento nanocer\u00e2mico <\/span><\/span><span data-path-to-node=\"8,8\"><span class=\"citation-410\">e acabamento em pintura eletrost\u00e1tica a p\u00f3<\/span><\/span><span data-path-to-node=\"8,10\">, garantindo m\u00e1xima prote\u00e7\u00e3o contra o desgaste do uso cont\u00ednuo. <\/span><span data-path-to-node=\"8,12\"><span class=\"citation-409\">Caso o seu projeto exija ainda mais leveza, a estrutura pode ser substitu\u00edda por alum\u00ednio, reduzindo o peso da pe\u00e7a em cerca de 2 kg<\/span><\/span><span data-path-to-node=\"8,14\">.<\/span><\/p>\n<p id=\"p-rc_833ee7a3378c514c-102\" data-path-to-node=\"9\"><span data-path-to-node=\"9,0\"><b data-path-to-node=\"9,0\" data-index-in-node=\"0\">Conforto Prolongado<\/b> <\/span><span data-path-to-node=\"9,2\"><span class=\"citation-408\">Para garantir o bem-estar dos convidados em eventos longos, o assento e o encosto s\u00e3o produzidos com espuma injetada e revestidos com tecido 100% poli\u00e9ster<\/span><\/span><span data-path-to-node=\"9,4\">.<\/span><\/p>\n","protected":false},"excerpt":{"rendered":"<p>Design Geom\u00e9trico e Alta Resist\u00eancia A Cadeira Quadrada CQP traz um encosto com linhas mais retas e modernas, sem abrir m\u00e3o da robustez que \u00e9 marca registrada da Tomberlin. Projetada para o uso intenso em hot\u00e9is e sal\u00f5es de eventos, ela \u00e9 o investimento certo para quem busca durabilidade e um visual elegante. Estrutura de [&hellip;]<\/p>\n","protected":false},"featured_media":1056,"template":"","meta":{"_acf_changed":false},"dados-do-produto":[],"product_brand":[],"product_cat":[27],"product_tag":[40],"class_list":{"0":"post-1053","1":"product","2":"type-product","3":"status-publish","4":"has-post-thumbnail","6":"product_cat-cadeiras","7":"product_tag-cadeira","8":"pa_empilhamento-maximo-32","10":"first","11":"instock","12":"shipping-taxable","13":"purchasable","14":"product-type-simple"},"acf":[],"_links":{"self":[{"href":"https:\/\/tomberlin.com.br\/wp-json\/wp\/v2\/product\/1053","targetHints":{"allow":["GET"]}}],"collection":[{"href":"https:\/\/tomberlin.com.br\/wp-json\/wp\/v2\/product"}],"about":[{"href":"https:\/\/tomberlin.com.br\/wp-json\/wp\/v2\/types\/product"}],"version-history":[{"count":2,"href":"https:\/\/tomberlin.com.br\/wp-json\/wp\/v2\/product\/1053\/revisions"}],"predecessor-version":[{"id":1059,"href":"https:\/\/tomberlin.com.br\/wp-json\/wp\/v2\/product\/1053\/revisions\/1059"}],"wp:featuredmedia":[{"embeddable":true,"href":"https:\/\/tomberlin.com.br\/wp-json\/wp\/v2\/media\/1056"}],"wp:attachment":[{"href":"https:\/\/tomberlin.com.br\/wp-json\/wp\/v2\/media?parent=1053"}],"wp:term":[{"taxonomy":"dados-do-produto","embeddable":true,"href":"https:\/\/tomberlin.com.br\/wp-json\/wp\/v2\/dados-do-produto?post=1053"},{"taxonomy":"product_brand","embeddable":true,"href":"https:\/\/tomberlin.com.br\/wp-json\/wp\/v2\/product_brand?post=1053"},{"taxonomy":"product_cat","embeddable":true,"href":"https:\/\/tomberlin.com.br\/wp-json\/wp\/v2\/product_cat?post=1053"},{"taxonomy":"product_tag","embeddable":true,"href":"https:\/\/tomberlin.com.br\/wp-json\/wp\/v2\/product_tag?post=1053"}],"curies":[{"name":"wp","href":"https:\/\/api.w.org\/{rel}","templated":true}]}}