{"id":1045,"date":"2026-03-14T18:50:35","date_gmt":"2026-03-14T18:50:35","guid":{"rendered":"https:\/\/tomberlin.com.br\/?post_type=product&#038;p=1045"},"modified":"2026-04-22T23:51:13","modified_gmt":"2026-04-22T23:51:13","slug":"cadeira-standart-cs-aco-carbono-tomberlin","status":"publish","type":"product","link":"https:\/\/tomberlin.com.br\/produto\/cadeira-standart-cs-aco-carbono-tomberlin\/","title":{"rendered":"Cadeira Standart"},"content":{"rendered":"<p data-path-to-node=\"7\"><b data-path-to-node=\"7\" data-index-in-node=\"0\">Resist\u00eancia e Praticidade para o seu Neg\u00f3cio<\/b><\/p>\n<p data-path-to-node=\"7\">A <b data-path-to-node=\"7\" data-index-in-node=\"47\">Cadeira Standart CS<\/b> \u00e9 a escolha inteligente para quem busca um equipamento robusto e de longa vida \u00fatil para sal\u00f5es de eventos e hot\u00e9is. Seu design cl\u00e1ssico e funcional foi rigorosamente pensado para otimizar a opera\u00e7\u00e3o di\u00e1ria do seu espa\u00e7o.<\/p>\n<p id=\"p-rc_f2f07ab9af653e5c-81\" data-path-to-node=\"8\"><span data-path-to-node=\"8,0\"><b data-path-to-node=\"8,0\" data-index-in-node=\"0\">Estrutura de Alta Performance<\/b> <\/span><span data-path-to-node=\"8,2\"><span class=\"citation-334\">Como padr\u00e3o, a cadeira \u00e9 fabricada com estrutura refor\u00e7ada em a\u00e7o carbono, recebendo um exclusivo tratamento nanocer\u00e2mico<\/span><\/span><span data-path-to-node=\"8,4\">. <\/span><span data-path-to-node=\"8,6\"><span class=\"citation-333\">O acabamento \u00e9 feito com pintura eletrost\u00e1tica a p\u00f3, oferecendo uma camada extra de prote\u00e7\u00e3o contra o desgaste<\/span><\/span><span data-path-to-node=\"8,8\">. <\/span><span data-path-to-node=\"8,10\"><span class=\"citation-332\">Caso haja necessidade, a estrutura pode ser fabricada em alum\u00ednio (sob consulta), o que reduz o peso da pe\u00e7a em cerca de 2 kg<\/span><\/span><span data-path-to-node=\"8,12\">.<\/span><\/p>\n<p id=\"p-rc_f2f07ab9af653e5c-82\" data-path-to-node=\"9\"><span data-path-to-node=\"9,0\"><b data-path-to-node=\"9,0\" data-index-in-node=\"0\">Ergonomia e Conforto<\/b> <\/span><span data-path-to-node=\"9,2\"><span class=\"citation-331\">Pensando em eventos de longa dura\u00e7\u00e3o, tanto o assento quanto o encosto s\u00e3o desenvolvidos com espuma injetada e revestidos em tecido 100% poli\u00e9ster<\/span><\/span><span data-path-to-node=\"9,4\">.<\/span><\/p>\n","protected":false},"excerpt":{"rendered":"<p>Resist\u00eancia e Praticidade para o seu Neg\u00f3cio A Cadeira Standart CS \u00e9 a escolha inteligente para quem busca um equipamento robusto e de longa vida \u00fatil para sal\u00f5es de eventos e hot\u00e9is. Seu design cl\u00e1ssico e funcional foi rigorosamente pensado para otimizar a opera\u00e7\u00e3o di\u00e1ria do seu espa\u00e7o. Estrutura de Alta Performance Como padr\u00e3o, a [&hellip;]<\/p>\n","protected":false},"featured_media":1047,"template":"","meta":{"_acf_changed":false},"dados-do-produto":[],"product_brand":[],"product_cat":[27],"product_tag":[40],"class_list":{"0":"post-1045","1":"product","2":"type-product","3":"status-publish","4":"has-post-thumbnail","6":"product_cat-cadeiras","7":"product_tag-cadeira","8":"pa_empilhamento-maximo-32","10":"first","11":"instock","12":"shipping-taxable","13":"purchasable","14":"product-type-simple"},"acf":[],"_links":{"self":[{"href":"https:\/\/tomberlin.com.br\/wp-json\/wp\/v2\/product\/1045","targetHints":{"allow":["GET"]}}],"collection":[{"href":"https:\/\/tomberlin.com.br\/wp-json\/wp\/v2\/product"}],"about":[{"href":"https:\/\/tomberlin.com.br\/wp-json\/wp\/v2\/types\/product"}],"version-history":[{"count":3,"href":"https:\/\/tomberlin.com.br\/wp-json\/wp\/v2\/product\/1045\/revisions"}],"predecessor-version":[{"id":1058,"href":"https:\/\/tomberlin.com.br\/wp-json\/wp\/v2\/product\/1045\/revisions\/1058"}],"wp:featuredmedia":[{"embeddable":true,"href":"https:\/\/tomberlin.com.br\/wp-json\/wp\/v2\/media\/1047"}],"wp:attachment":[{"href":"https:\/\/tomberlin.com.br\/wp-json\/wp\/v2\/media?parent=1045"}],"wp:term":[{"taxonomy":"dados-do-produto","embeddable":true,"href":"https:\/\/tomberlin.com.br\/wp-json\/wp\/v2\/dados-do-produto?post=1045"},{"taxonomy":"product_brand","embeddable":true,"href":"https:\/\/tomberlin.com.br\/wp-json\/wp\/v2\/product_brand?post=1045"},{"taxonomy":"product_cat","embeddable":true,"href":"https:\/\/tomberlin.com.br\/wp-json\/wp\/v2\/product_cat?post=1045"},{"taxonomy":"product_tag","embeddable":true,"href":"https:\/\/tomberlin.com.br\/wp-json\/wp\/v2\/product_tag?post=1045"}],"curies":[{"name":"wp","href":"https:\/\/api.w.org\/{rel}","templated":true}]}}